{"id":96,"date":"2020-09-10T12:44:28","date_gmt":"2020-09-10T12:44:28","guid":{"rendered":"https:\/\/www.tax365.de\/?page_id=96"},"modified":"2020-12-09T13:35:14","modified_gmt":"2020-12-09T13:35:14","slug":"disclaimer","status":"publish","type":"page","link":"https:\/\/www.tax365.de\/index.php\/disclaimer\/","title":{"rendered":"Disclaimer"},"content":{"rendered":"\n<div style=\"height:77px\" aria-hidden=\"true\" class=\"wp-block-spacer\"><\/div>\n\n\n\n<h1 class=\"wp-block-heading\">Disclaimer<\/h1>\n\n\n\n<div style=\"height:31px\" aria-hidden=\"true\" class=\"wp-block-spacer\"><\/div>\n\n\n\n<h2 class=\"wp-block-heading\">Berufsrechtliche Regelungen<\/h2>\n\n\n\n<p><strong>Der Berufsstand der Steuerberater unterliegt im Wesentlichen nachfolgend genannten berufsrechtlichen Regelungen:<\/strong><\/p>\n\n\n\n<ol class=\"wp-block-list\"><li>Steuerberatungsgesetz (StBerG)<\/li><li>Verordnung zur Durchf\u00fchrung der Vorschriften \u00fcber Steuerberater, Steuerbevollm\u00e4chtigte und Steuerberatungsgesellschaften (DVStB)<\/li><li>Berufsordnung der Bundessteuerberaterkammer (BStBK)<\/li><li>Verg\u00fctungsverordnung f\u00fcr Steuerberater, Steuerbevollm\u00e4chtigte und Steuerberatungsgesellschaften (Steuerberaterverg\u00fctungsverordnung &#8211; StBVV)<\/li><\/ol>\n\n\n\n<p>Die Regelungen k\u00f6nnen u.a. auf folgenden Internet-Seiten eingesehen werden:<\/p>\n\n\n\n<p>Bundessteuerberaterkammer <a href=\"http:\/\/www.bstbk.de\/\" target=\"_blank\" rel=\"noreferrer noopener\">www.bstbk.de<\/a><br>Steuerberaterkammer Sachsen <a href=\"http:\/\/www.sbk-sachsen.de\/\" target=\"_blank\" rel=\"noreferrer noopener\">www.sbk-sachsen.de<\/a><\/p>\n\n\n\n<h2 class=\"wp-block-heading\">Haftungsausschluss<\/h2>\n\n\n\n<p>Die dargestellten Inhalte werden mit gr\u00f6\u00dftm\u00f6glicher Sorgfalt zusammengestellt. Dennoch m\u00fcssen wir die Haftung f\u00fcr die Vollst\u00e4ndigkeit, Richtigkeit und Aktualit\u00e4t der eigenen Informationen, die auf der Website zur Nutzung bereitgehalten werden, ausschlie\u00dfen, es sei denn, wir handeln vors\u00e4tzlich oder grobfahrl\u00e4ssig. Der Haftungsausschluss gilt auch f\u00fcr Linksammlungen, die zurzeit Bestehen oder in Zukunft bestehen werden.<\/p>\n\n\n\n<h2 class=\"wp-block-heading\">Rechtlicher Hinweis<\/h2>\n\n\n\n<p>Alle Informationen auf den Seiten dieser Website dienen der allgemeinen Information. Sie stellen keine Steuerberatung im Einzelfall dar, k\u00f6nnen und sollen diese auch nicht ersetzen.<\/p>\n\n\n\n<p>Die Inhalte unserer Website sind urheberrechtlich gesch\u00fctzt. Soweit Sie die Inhalte f\u00fcr Ihre eigenen beruflichen oder pers\u00f6nlichen Zwecke ben\u00f6tigen, r\u00e4umen wir Ihnen das Recht ein, die bereitgestellten Texte ganz oder teilweise zu speichern und zu drucken. Die Speicherung und Vervielf\u00e4ltigung von Bildmaterial oder Grafiken aus unserer Website ist nicht gestattet.<\/p>\n\n\n\n<h2 class=\"wp-block-heading\">Datenschutzerkl\u00e4rung<\/h2>\n\n\n\n<p>\u00dcber das bereitgestellte Kontaktformular oder eine E-Mail gelangen wir in den Besitz personenbezogener Daten. Diese werden von uns gem\u00e4\u00df den Datenschutzgesetzen sorgf\u00e4ltig behandelt. Wir versuchen keine oder so wenig wie m\u00f6glich personenbezogene Daten zu erheben, zu verarbeiten oder zu nutzen.<\/p>\n\n\n\n<p>Es obliegt der freien Entscheidung des Nutzers, uns seine Daten zu \u00fcbermitteln.<\/p>\n\n\n\n<hr class=\"wp-block-separator is-style-default\"\/>\n\n\n\n<div style=\"height:100px\" aria-hidden=\"true\" class=\"wp-block-spacer\"><\/div>\n\n\n\n<p><\/p>\n","protected":false},"excerpt":{"rendered":"<p>Disclaimer Berufsrechtliche Regelungen Der Berufsstand der Steuerberater unterliegt im Wesentlichen nachfolgend genannten berufsrechtlichen Regelungen: Steuerberatungsgesetz (StBerG) Verordnung zur Durchf\u00fchrung der Vorschriften \u00fcber Steuerberater, Steuerbevollm\u00e4chtigte und Steuerberatungsgesellschaften (DVStB) Berufsordnung der Bundessteuerberaterkammer (BStBK) Verg\u00fctungsverordnung f\u00fcr Steuerberater, Steuerbevollm\u00e4chtigte und Steuerberatungsgesellschaften (Steuerberaterverg\u00fctungsverordnung &#8211; StBVV) Die Regelungen k\u00f6nnen u.a. auf folgenden Internet-Seiten eingesehen werden: Bundessteuerberaterkammer www.bstbk.deSteuerberaterkammer Sachsen www.sbk-sachsen.de Haftungsausschluss Die [&hellip;]<\/p>\n","protected":false},"author":1,"featured_media":0,"parent":0,"menu_order":0,"comment_status":"closed","ping_status":"closed","template":"","meta":{"_uag_custom_page_level_css":"","site-sidebar-layout":"default","site-content-layout":"plain-container","ast-site-content-layout":"default","site-content-style":"default","site-sidebar-style":"default","ast-global-header-display":"","ast-banner-title-visibility":"","ast-main-header-display":"","ast-hfb-above-header-display":"","ast-hfb-below-header-display":"","ast-hfb-mobile-header-display":"","site-post-title":"","ast-breadcrumbs-content":"","ast-featured-img":"","footer-sml-layout":"","ast-disable-related-posts":"","theme-transparent-header-meta":"default","adv-header-id-meta":"","stick-header-meta":"","header-above-stick-meta":"","header-main-stick-meta":"","header-below-stick-meta":"","astra-migrate-meta-layouts":"default","ast-page-background-enabled":"default","ast-page-background-meta":{"desktop":{"background-color":"","background-image":"","background-repeat":"repeat","background-position":"center center","background-size":"auto","background-attachment":"scroll","background-type":"","background-media":"","overlay-type":"","overlay-color":"","overlay-opacity":"","overlay-gradient":""},"tablet":{"background-color":"","background-image":"","background-repeat":"repeat","background-position":"center center","background-size":"auto","background-attachment":"scroll","background-type":"","background-media":"","overlay-type":"","overlay-color":"","overlay-opacity":"","overlay-gradient":""},"mobile":{"background-color":"","background-image":"","background-repeat":"repeat","background-position":"center center","background-size":"auto","background-attachment":"scroll","background-type":"","background-media":"","overlay-type":"","overlay-color":"","overlay-opacity":"","overlay-gradient":""}},"ast-content-background-meta":{"desktop":{"background-color":"var(--ast-global-color-5)","background-image":"","background-repeat":"repeat","background-position":"center center","background-size":"auto","background-attachment":"scroll","background-type":"","background-media":"","overlay-type":"","overlay-color":"","overlay-opacity":"","overlay-gradient":""},"tablet":{"background-color":"var(--ast-global-color-5)","background-image":"","background-repeat":"repeat","background-position":"center center","background-size":"auto","background-attachment":"scroll","background-type":"","background-media":"","overlay-type":"","overlay-color":"","overlay-opacity":"","overlay-gradient":""},"mobile":{"background-color":"var(--ast-global-color-5)","background-image":"","background-repeat":"repeat","background-position":"center center","background-size":"auto","background-attachment":"scroll","background-type":"","background-media":"","overlay-type":"","overlay-color":"","overlay-opacity":"","overlay-gradient":""}},"footnotes":""},"class_list":["post-96","page","type-page","status-publish","hentry"],"uagb_featured_image_src":{"full":false,"thumbnail":false,"medium":false,"medium_large":false,"large":false,"1536x1536":false,"2048x2048":false},"uagb_author_info":{"display_name":"admin","author_link":"https:\/\/www.tax365.de\/index.php\/author\/tax365_svlwx6xy\/"},"uagb_comment_info":0,"uagb_excerpt":"Disclaimer Berufsrechtliche Regelungen Der Berufsstand der Steuerberater unterliegt im Wesentlichen nachfolgend genannten berufsrechtlichen Regelungen: Steuerberatungsgesetz (StBerG) Verordnung zur Durchf\u00fchrung der Vorschriften \u00fcber Steuerberater, Steuerbevollm\u00e4chtigte und Steuerberatungsgesellschaften (DVStB) Berufsordnung der Bundessteuerberaterkammer (BStBK) Verg\u00fctungsverordnung f\u00fcr Steuerberater, Steuerbevollm\u00e4chtigte und Steuerberatungsgesellschaften (Steuerberaterverg\u00fctungsverordnung &#8211; StBVV) Die Regelungen k\u00f6nnen u.a. auf folgenden Internet-Seiten eingesehen werden: Bundessteuerberaterkammer www.bstbk.deSteuerberaterkammer Sachsen www.sbk-sachsen.de Haftungsausschluss Die&hellip;","_links":{"self":[{"href":"https:\/\/www.tax365.de\/index.php\/wp-json\/wp\/v2\/pages\/96","targetHints":{"allow":["GET"]}}],"collection":[{"href":"https:\/\/www.tax365.de\/index.php\/wp-json\/wp\/v2\/pages"}],"about":[{"href":"https:\/\/www.tax365.de\/index.php\/wp-json\/wp\/v2\/types\/page"}],"author":[{"embeddable":true,"href":"https:\/\/www.tax365.de\/index.php\/wp-json\/wp\/v2\/users\/1"}],"replies":[{"embeddable":true,"href":"https:\/\/www.tax365.de\/index.php\/wp-json\/wp\/v2\/comments?post=96"}],"version-history":[{"count":14,"href":"https:\/\/www.tax365.de\/index.php\/wp-json\/wp\/v2\/pages\/96\/revisions"}],"predecessor-version":[{"id":194,"href":"https:\/\/www.tax365.de\/index.php\/wp-json\/wp\/v2\/pages\/96\/revisions\/194"}],"wp:attachment":[{"href":"https:\/\/www.tax365.de\/index.php\/wp-json\/wp\/v2\/media?parent=96"}],"curies":[{"name":"wp","href":"https:\/\/api.w.org\/{rel}","templated":true}]}}